{"id":142,"date":"2020-02-24T14:01:31","date_gmt":"2020-02-24T14:01:31","guid":{"rendered":"https:\/\/demosites.io\/lawyers-gb\/?page_id=142"},"modified":"2023-01-24T22:37:06","modified_gmt":"2023-01-25T01:37:06","slug":"a02e5-homepage","status":"publish","type":"page","link":"http:\/\/jsassessoria.net.br\/js\/","title":{"rendered":"JS Assessoria"},"content":{"rendered":"\n<p class=\"has-text-align-center\"><style id=\"wp_carousel_dynamic_css319\">#sp-wp-carousel-free-id-319.sp-wpcp-319 .wpcp-single-item {border: 1px solid #dddddd;}#sp-wp-carousel-free-id-319.sp-wpcp-319 .swiper-button-prev,#sp-wp-carousel-free-id-319.sp-wpcp-319 .swiper-button-next,#sp-wp-carousel-free-id-319.sp-wpcp-319 .swiper-button-prev:hover,#sp-wp-carousel-free-id-319.sp-wpcp-319 .swiper-button-next:hover {background: none;border: none;font-size: 30px;}#sp-wp-carousel-free-id-319.sp-wpcp-319 .swiper-button-prev i,#sp-wp-carousel-free-id-319.sp-wpcp-319 .swiper-button-next i {color: #aaa;}#sp-wp-carousel-free-id-319.sp-wpcp-319 .swiper-button-prev i:hover,#sp-wp-carousel-free-id-319.sp-wpcp-319 .swiper-button-next i:hover {color: #178087;}#sp-wp-carousel-free-id-319.sp-wpcp-319 .wpcp-swiper-dots .swiper-pagination-bullet {background-color: #cccccc;}#sp-wp-carousel-free-id-319.sp-wpcp-319 .wpcp-swiper-dots .swiper-pagination-bullet.swiper-pagination-bullet-active {background-color: #178087;}@media screen and (max-width: 479px) {#sp-wp-carousel-free-id-319.nav-vertical-center {padding: 0;margin:0;}#sp-wp-carousel-free-id-319.nav-vertical-center .wpcp-next-button,#sp-wp-carousel-free-id-319.nav-vertical-center .wpcp-prev-button {display: none;}}#sp-wp-carousel-free-id-319 .wpcpro-row>[class*=\"wpcpro-col-\"] { padding: 0 250px; padding-bottom: 500px;}@media (min-width: 480px) { .wpcpro-row .wpcpro-col-sm-1 { flex: 0 0 100%; max-width: 100%; } .wpcpro-row .wpcpro-col-sm-2 { flex: 0 0 50%; max-width: 50%; } .wpcpro-row .wpcpro-col-sm-2-5 { flex: 0 0 75%; max-width: 75%; } .wpcpro-row .wpcpro-col-sm-3 { flex: 0 0 33.333%; max-width: 33.333%; } .wpcpro-row .wpcpro-col-sm-4 { flex: 0 0 25%; max-width: 25%; } .wpcpro-row .wpcpro-col-sm-5 { flex: 0 0 20%; max-width: 20%; } .wpcpro-row .wpcpro-col-sm-6 { flex: 0 0 16.66666666666667%; max-width: 16.66666666666667%; } .wpcpro-row .wpcpro-col-sm-7 { flex: 0 0 14.28571428%; max-width: 14.28571428%; } .wpcpro-row .wpcpro-col-sm-8 { flex: 0 0 12.5%; max-width: 12.5%; } } @media (max-width: 480px) { .wpcpro-row .wpcpro-col-xs-1 { flex: 0 0 100%; max-width: 100%; } .wpcpro-row .wpcpro-col-xs-2 { flex: 0 0 50%; max-width: 50%; } .wpcpro-row .wpcpro-col-xs-3 { flex: 0 0 33.222%; max-width: 33.222%; } .wpcpro-row .wpcpro-col-xs-4 { flex: 0 0 25%; max-width: 25%; } .wpcpro-row .wpcpro-col-xs-5 { flex: 0 0 20%; max-width: 20%; } .wpcpro-row .wpcpro-col-xs-6 { flex: 0 0 16.6667%; max-width: 16.6667%; } .wpcpro-row .wpcpro-col-xs-7 { flex: 0 0 14.28571428%; max-width: 14.28571428%; } .wpcpro-row .wpcpro-col-xs-8 { flex: 0 0 12.5%; max-width: 12.5%; } } @media (min-width: 736px) { .wpcpro-row .wpcpro-col-md-1 { flex: 0 0 100%; max-width: 100%; } .wpcpro-row .wpcpro-col-md-2 { flex: 0 0 50%; max-width: 50%; } .wpcpro-row .wpcpro-col-md-2-5 { flex: 0 0 75%; max-width: 75%; } .wpcpro-row .wpcpro-col-md-3 { flex: 0 0 33.333%; max-width: 33.333%; } .wpcpro-row .wpcpro-col-md-4 { flex: 0 0 25%; max-width: 25%; } .wpcpro-row .wpcpro-col-md-5 { flex: 0 0 20%; max-width: 20%; } .wpcpro-row .wpcpro-col-md-6 { flex: 0 0 16.66666666666667%; max-width: 16.66666666666667%; } .wpcpro-row .wpcpro-col-md-7 { flex: 0 0 14.28571428%; max-width: 14.28571428%; } .wpcpro-row .wpcpro-col-md-8 { flex: 0 0 12.5%; max-width: 12.5%; } } @media (min-width: 980px) { .wpcpro-row .wpcpro-col-lg-1 { flex: 0 0 100%; max-width: 100%; } .wpcpro-row .wpcpro-col-lg-2 { flex: 0 0 50%; max-width: 50%; } .wpcpro-row .wpcpro-col-lg-3 { flex: 0 0 33.222%; max-width: 33.222%; } .wpcpro-row .wpcpro-col-lg-4 { flex: 0 0 25%; max-width: 25%; } .wpcpro-row .wpcpro-col-lg-5 { flex: 0 0 20%; max-width: 20%; } .wpcpro-row .wpcpro-col-lg-6 { flex: 0 0 16.6667%; max-width: 16.6667%; } .wpcpro-row .wpcpro-col-lg-7 { flex: 0 0 14.28571428%; max-width: 14.28571428%; } .wpcpro-row .wpcpro-col-lg-8 { flex: 0 0 12.5%; max-width: 12.5%; } } @media (min-width: 1200px) { .wpcpro-row .wpcpro-col-xl-1 { flex: 0 0 100%; max-width: 100%; } .wpcpro-row .wpcpro-col-xl-2 { flex: 0 0 50%; max-width: 50%; } .wpcpro-row .wpcpro-col-xl-3 { flex: 0 0 33.22222222%; max-width: 33.22222222%; } .wpcpro-row .wpcpro-col-xl-4 { flex: 0 0 25%; max-width: 25%; } .wpcpro-row .wpcpro-col-xl-5 { flex: 0 0 20%; max-width: 20%; } .wpcpro-row .wpcpro-col-xl-6 { flex: 0 0 16.66667%; max-width: 16.66667%; } .wpcpro-row .wpcpro-col-xl-7 { flex: 0 0 14.28571428%; max-width: 14.28571428%; } .wpcpro-row .wpcpro-col-xl-8 { flex: 0 0 12.5%; max-width: 12.5%; } }<\/style><div class=\"wpcp-carousel-wrapper wpcp-wrapper-319\">\n\t<div id=\"wpcp-preloader-319\" class=\"wpcp-carousel-preloader\"><img decoding=\"async\" src=\"http:\/\/jsassessoria.net.br\/js\/wp-content\/plugins\/wp-carousel-free\/public\/css\/spinner.svg\" alt=\"Preloader Image\" \/><\/div>\t<div class=\"wpcp-carousel-content-wrapper\">\n\t<div id=\"sp-wp-carousel-free-id-319\" class=\"wpcp-carousel-section sp-wpcp-319  nav-vertical-center wpcp-image-carousel wpcp-preloader wpcp-standard\" data-swiper='{ \"accessibility\":true, \"spaceBetween\":500, \"arrows\":true, \"freeMode\": false, \"autoplay\":true, \"autoplaySpeed\":3000, \"dots\":true, \"infinite\":true, \"speed\":600, \"pauseOnHover\":true,\n\t\t\t\"slidesToShow\":{\"lg_desktop\":5, \"desktop\": 4, \"laptop\": 3, \"tablet\": 2, \"mobile\": 1}, \"responsive\":{\"desktop\":1200, \"laptop\": 980, \"tablet\": 736, \"mobile\": 480}, \"rtl\":false, \"lazyLoad\": \"false\", \"swipe\": true, \"draggable\": true, \"swipeToSlide\":false }'   dir=\"ltr\">\n\t\t<div class=\"swiper-wrapper\">\n\t\t<div class=\"swiper-slide\">\n\t<div class=\"wpcp-single-item\">\n\t\t<div class=\"wpcp-slide-image\">\n\t<img loading=\"lazy\" decoding=\"async\" class=\"skip-lazy\" src=\"http:\/\/jsassessoria.net.br\/js\/wp-content\/uploads\/2023\/01\/IMG-20230103-WA0001.jpg\" alt=\"IMG-20230103-WA0001\" width=\"720\" height=\"314\"><\/div>\n\t<\/div>\n<\/div>\n\t\t\t<\/div>\n\t\t\t\t\t<div class=\"wpcp-swiper-dots swiper-pagination\"><\/div>\n\t\t\t\t<!-- If we need navigation buttons -->\n\t\t\t\t\t<div class=\"wpcp-prev-button swiper-button-prev\"><i class=\"fa fa-angle-left\"><\/i><\/div>\n\t\t\t<div class=\"wpcp-next-button swiper-button-next\"><i class=\"fa fa-angle-right\"><\/i><\/div>\n\t\t\t<\/div>\n\t<\/div>\n<\/div>\n<\/p>\n\n\n\n<div id=\"wp-block-themeisle-blocks-advanced-columns-9b29ca44\" class=\"wp-block-themeisle-blocks-advanced-columns has-1-columns has-desktop-equal-layout has-tablet-equal-layout has-mobile-equal-layout has-vertical-top\"><div class=\"wp-block-themeisle-blocks-advanced-columns-overlay\"><\/div><div class=\"innerblocks-wrap\">\n<div id=\"wp-block-themeisle-blocks-advanced-column-86c8f629\" class=\"wp-block-themeisle-blocks-advanced-column\">\n<p class=\"has-text-align-center\"><strong>Seja Bem-Vindo!<\/strong> <br> <br>A JS Assessoria em Seguran\u00e7a e Medicina do Trabalho \u00e9 uma empresa especializada em medicina ocupacional, engenharia e seguran\u00e7a do trabalho que se destaca por seu atendimento focado no cliente, sua capacidade tecnol\u00f3gica e por sua estrutura profissional e administrativa, buscando sempre excel\u00eancia e qualidade e oferecendo o melhor \u201cCusto X Benef\u00edcio\u201d em servi\u00e7os que abrangem todas as \u00e1reas de preven\u00e7\u00e3o e melhorias nos ambientes de trabalho. <\/p>\n<\/div>\n<\/div><\/div>\n\n\n\n<div id=\"wp-block-themeisle-blocks-advanced-columns-90845b53\" class=\"wp-block-themeisle-blocks-advanced-columns alignfull has-3-columns has-desktop-equal-layout has-tablet-equal-layout has-mobile-collapsedRows-layout has-vertical-unset\"><div class=\"wp-block-themeisle-blocks-advanced-columns-overlay\"><\/div><div class=\"innerblocks-wrap\">\n<div id=\"wp-block-themeisle-blocks-advanced-column-f4d0871c\" class=\"wp-block-themeisle-blocks-advanced-column\">\n<div class=\"wp-block-themeisle-blocks-service\"><div class=\"wp-block-image\">\n<figure class=\"aligncenter size-full is-resized\"><img loading=\"lazy\" decoding=\"async\" src=\"http:\/\/jsassessoria.net.br\/js\/wp-content\/uploads\/2022\/12\/esocial.png\" alt=\"\" class=\"wp-image-225\" width=\"196\" height=\"196\" srcset=\"http:\/\/jsassessoria.net.br\/js\/wp-content\/uploads\/2022\/12\/esocial.png 805w, http:\/\/jsassessoria.net.br\/js\/wp-content\/uploads\/2022\/12\/esocial-300x300.png 300w, http:\/\/jsassessoria.net.br\/js\/wp-content\/uploads\/2022\/12\/esocial-150x150.png 150w, http:\/\/jsassessoria.net.br\/js\/wp-content\/uploads\/2022\/12\/esocial-768x768.png 768w\" sizes=\"auto, (max-width: 196px) 100vw, 196px\" \/><\/figure>\n<\/div>\n\n\n<h4 id=\"wp-block-themeisle-blocks-advanced-heading-0581cdc3\" class=\"wp-block-themeisle-blocks-advanced-heading wp-block-themeisle-blocks-advanced-heading-0581cdc3\"><strong><strong>eSocial<\/strong><\/strong><\/h4>\n\n\n\n<p id=\"wp-block-themeisle-blocks-advanced-heading-6965a25d\" class=\"wp-block-themeisle-blocks-advanced-heading wp-block-themeisle-blocks-advanced-heading-6965a25d\"> Nova era nas rela\u00e7\u00f5es entre empregados, empregadores e governo<\/p>\n<\/div>\n<\/div>\n\n\n\n<div id=\"wp-block-themeisle-blocks-advanced-column-78524861\" class=\"wp-block-themeisle-blocks-advanced-column\">\n<div class=\"wp-block-themeisle-blocks-service\"><div class=\"wp-block-image\">\n<figure class=\"aligncenter size-full is-resized\"><img loading=\"lazy\" decoding=\"async\" src=\"http:\/\/jsassessoria.net.br\/js\/wp-content\/uploads\/2022\/12\/cipa.jpg\" alt=\"\" class=\"wp-image-224\" width=\"206\" height=\"198\"\/><\/figure>\n<\/div>\n\n\n<h4 id=\"wp-block-themeisle-blocks-advanced-heading-92773087\" class=\"wp-block-themeisle-blocks-advanced-heading wp-block-themeisle-blocks-advanced-heading-92773087\"><strong>Curso de CIPA<\/strong><\/h4>\n\n\n\n<p id=\"wp-block-themeisle-blocks-advanced-heading-3c1720c1\" class=\"wp-block-themeisle-blocks-advanced-heading wp-block-themeisle-blocks-advanced-heading-3c1720c1\"> Comiss\u00e3o Interna de Preven\u00e7\u00e3o de Acidentes, forma\u00e7\u00e3o para integrantes, fun\u00e7\u00f5es e deveres dos agentes. <\/p>\n<\/div>\n<\/div>\n\n\n\n<div id=\"wp-block-themeisle-blocks-advanced-column-bf96f229\" class=\"wp-block-themeisle-blocks-advanced-column\">\n<div class=\"wp-block-themeisle-blocks-service\"><div class=\"wp-block-image\">\n<figure class=\"aligncenter size-full is-resized\"><img loading=\"lazy\" decoding=\"async\" src=\"http:\/\/jsassessoria.net.br\/js\/wp-content\/uploads\/2022\/12\/Brigada-de-Incndio.jpg\" alt=\"\" class=\"wp-image-314\" width=\"199\" height=\"199\" srcset=\"http:\/\/jsassessoria.net.br\/js\/wp-content\/uploads\/2022\/12\/Brigada-de-Incndio.jpg 468w, http:\/\/jsassessoria.net.br\/js\/wp-content\/uploads\/2022\/12\/Brigada-de-Incndio-300x300.jpg 300w, http:\/\/jsassessoria.net.br\/js\/wp-content\/uploads\/2022\/12\/Brigada-de-Incndio-150x150.jpg 150w\" sizes=\"auto, (max-width: 199px) 100vw, 199px\" \/><\/figure>\n<\/div>\n\n\n<h4 id=\"wp-block-themeisle-blocks-advanced-heading-0ce47501\" class=\"wp-block-themeisle-blocks-advanced-heading wp-block-themeisle-blocks-advanced-heading-0ce47501\"><strong> Brigada de Inc\u00eandio <\/strong><\/h4>\n\n\n\n<p id=\"wp-block-themeisle-blocks-advanced-heading-2f996a58\" class=\"wp-block-themeisle-blocks-advanced-heading wp-block-themeisle-blocks-advanced-heading-2f996a58\"> Implanta\u00e7\u00e3o da<br>Brigada de Inc\u00eandio. <\/p>\n<\/div>\n<\/div>\n<\/div><\/div>\n\n\n\n<p><\/p>\n\n\n\n<ul class=\"wp-block-social-links has-huge-icon-size is-content-justification-center is-layout-flex wp-container-core-social-links-is-layout-16018d1d wp-block-social-links-is-layout-flex\"><li class=\"wp-social-link wp-social-link-whatsapp  ticss-cda786cd wp-block-social-link\"><a href=\"http:\/\/api.whatsapp.com\/send?1=pt_BR&#038;phone=5585986913656\" class=\"wp-block-social-link-anchor\"><svg width=\"24\" height=\"24\" viewBox=\"0 0 24 24\" version=\"1.1\" xmlns=\"http:\/\/www.w3.org\/2000\/svg\" aria-hidden=\"true\" focusable=\"false\"><path d=\"M 12.011719 2 C 6.5057187 2 2.0234844 6.478375 2.0214844 11.984375 C 2.0204844 13.744375 2.4814687 15.462563 3.3554688 16.976562 L 2 22 L 7.2324219 20.763672 C 8.6914219 21.559672 10.333859 21.977516 12.005859 21.978516 L 12.009766 21.978516 C 17.514766 21.978516 21.995047 17.499141 21.998047 11.994141 C 22.000047 9.3251406 20.962172 6.8157344 19.076172 4.9277344 C 17.190172 3.0407344 14.683719 2.001 12.011719 2 z M 12.009766 4 C 14.145766 4.001 16.153109 4.8337969 17.662109 6.3417969 C 19.171109 7.8517969 20.000047 9.8581875 19.998047 11.992188 C 19.996047 16.396187 16.413812 19.978516 12.007812 19.978516 C 10.674812 19.977516 9.3544062 19.642812 8.1914062 19.007812 L 7.5175781 18.640625 L 6.7734375 18.816406 L 4.8046875 19.28125 L 5.2851562 17.496094 L 5.5019531 16.695312 L 5.0878906 15.976562 C 4.3898906 14.768562 4.0204844 13.387375 4.0214844 11.984375 C 4.0234844 7.582375 7.6067656 4 12.009766 4 z M 8.4765625 7.375 C 8.3095625 7.375 8.0395469 7.4375 7.8105469 7.6875 C 7.5815469 7.9365 6.9355469 8.5395781 6.9355469 9.7675781 C 6.9355469 10.995578 7.8300781 12.182609 7.9550781 12.349609 C 8.0790781 12.515609 9.68175 15.115234 12.21875 16.115234 C 14.32675 16.946234 14.754891 16.782234 15.212891 16.740234 C 15.670891 16.699234 16.690438 16.137687 16.898438 15.554688 C 17.106437 14.971687 17.106922 14.470187 17.044922 14.367188 C 16.982922 14.263188 16.816406 14.201172 16.566406 14.076172 C 16.317406 13.951172 15.090328 13.348625 14.861328 13.265625 C 14.632328 13.182625 14.464828 13.140625 14.298828 13.390625 C 14.132828 13.640625 13.655766 14.201187 13.509766 14.367188 C 13.363766 14.534188 13.21875 14.556641 12.96875 14.431641 C 12.71875 14.305641 11.914938 14.041406 10.960938 13.191406 C 10.218937 12.530406 9.7182656 11.714844 9.5722656 11.464844 C 9.4272656 11.215844 9.5585938 11.079078 9.6835938 10.955078 C 9.7955938 10.843078 9.9316406 10.663578 10.056641 10.517578 C 10.180641 10.371578 10.223641 10.267562 10.306641 10.101562 C 10.389641 9.9355625 10.347156 9.7890625 10.285156 9.6640625 C 10.223156 9.5390625 9.737625 8.3065 9.515625 7.8125 C 9.328625 7.3975 9.131125 7.3878594 8.953125 7.3808594 C 8.808125 7.3748594 8.6425625 7.375 8.4765625 7.375 z\"><\/path><\/svg><span class=\"wp-block-social-link-label screen-reader-text\">WhatsApp<\/span><\/a><\/li><\/ul>\n\n\n\n<p><\/p>\n","protected":false},"excerpt":{"rendered":"","protected":false},"author":1,"featured_media":0,"parent":0,"menu_order":0,"comment_status":"closed","ping_status":"closed","template":"page-templates\/template-pagebuilder-full-width.php","meta":{"neve_meta_sidebar":"full-width","neve_meta_container":"contained","neve_meta_enable_content_width":"on","neve_meta_content_width":100,"neve_meta_title_alignment":"","neve_meta_author_avatar":"","neve_post_elements_order":"","neve_meta_disable_header":"","neve_meta_disable_footer":"","neve_meta_disable_title":"on","_themeisle_gutenberg_block_has_review":false,"_ti_tpc_template_sync":false,"_ti_tpc_template_id":"aar0h9z8vlrqwo62mu6h","footnotes":""},"class_list":["post-142","page","type-page","status-publish","hentry"],"_links":{"self":[{"href":"http:\/\/jsassessoria.net.br\/js\/index.php?rest_route=\/wp\/v2\/pages\/142","targetHints":{"allow":["GET"]}}],"collection":[{"href":"http:\/\/jsassessoria.net.br\/js\/index.php?rest_route=\/wp\/v2\/pages"}],"about":[{"href":"http:\/\/jsassessoria.net.br\/js\/index.php?rest_route=\/wp\/v2\/types\/page"}],"author":[{"embeddable":true,"href":"http:\/\/jsassessoria.net.br\/js\/index.php?rest_route=\/wp\/v2\/users\/1"}],"replies":[{"embeddable":true,"href":"http:\/\/jsassessoria.net.br\/js\/index.php?rest_route=%2Fwp%2Fv2%2Fcomments&post=142"}],"version-history":[{"count":21,"href":"http:\/\/jsassessoria.net.br\/js\/index.php?rest_route=\/wp\/v2\/pages\/142\/revisions"}],"predecessor-version":[{"id":323,"href":"http:\/\/jsassessoria.net.br\/js\/index.php?rest_route=\/wp\/v2\/pages\/142\/revisions\/323"}],"wp:attachment":[{"href":"http:\/\/jsassessoria.net.br\/js\/index.php?rest_route=%2Fwp%2Fv2%2Fmedia&parent=142"}],"curies":[{"name":"wp","href":"https:\/\/api.w.org\/{rel}","templated":true}]}}