{"id":246,"date":"2022-12-30T13:53:29","date_gmt":"2022-12-30T16:53:29","guid":{"rendered":"http:\/\/jsassessoria.net.br\/js\/?page_id=246"},"modified":"2022-12-30T14:34:19","modified_gmt":"2022-12-30T17:34:19","slug":"empresa","status":"publish","type":"page","link":"http:\/\/jsassessoria.net.br\/js\/?page_id=246","title":{"rendered":"Empresa"},"content":{"rendered":"\n<p>A JS Assessoria em Seguran\u00e7a e Medicina do Trabalho, especializada em medicina ocupacional, engenharia e seguran\u00e7a do trabalho, atua nestes segmentos com uma equipe altamente qualificada e motivada, ocupando assim lugar de destaque no mercado.<br><br>Buscamos satisfazer e atender nossos clientes, de acordo com o perfil e necessidade de cada um, fornecendo as documenta\u00e7\u00f5es exigidas pelos \u00d3rg\u00e3os Governamentais, valorizando e preservando a integridade f\u00edsica dos funcion\u00e1rios.<br><br>Contamos com uma equipe de profissionais especializados em Seguran\u00e7a, Higiene e Sa\u00fade Ocupacional, composta por:<\/p>\n\n\n\n<p><img loading=\"lazy\" decoding=\"async\" width=\"12\" height=\"12\" src=\"http:\/\/www.jsassessoria.net.br\/site\/img\/right.gif\" alt=\"icon\">Engenheiro de Seguran\u00e7a do Trabalho;<\/p>\n\n\n\n<p><img loading=\"lazy\" decoding=\"async\" src=\"http:\/\/www.jsassessoria.net.br\/site\/img\/right.gif\" width=\"12\" height=\"12\" alt=\"icon\">Engenheiro de Alimentos;<\/p>\n\n\n\n<p><img loading=\"lazy\" decoding=\"async\" src=\"http:\/\/www.jsassessoria.net.br\/site\/img\/right.gif\" width=\"12\" height=\"12\" alt=\"icon\">Engenheiro El\u00e9trico;<\/p>\n\n\n\n<p><img loading=\"lazy\" decoding=\"async\" src=\"http:\/\/www.jsassessoria.net.br\/site\/img\/right.gif\" width=\"12\" height=\"12\" alt=\"icon\">M\u00e9dico do Trabalho;<\/p>\n\n\n\n<p><img loading=\"lazy\" decoding=\"async\" src=\"http:\/\/www.jsassessoria.net.br\/site\/img\/right.gif\" width=\"12\" height=\"12\" alt=\"icon\">Enfermeiro do Trabalho;<\/p>\n\n\n\n<p><img loading=\"lazy\" decoding=\"async\" src=\"http:\/\/www.jsassessoria.net.br\/site\/img\/right.gif\" width=\"12\" height=\"12\" alt=\"icon\">T\u00e9cnico de Seguran\u00e7a do Trabalho;<\/p>\n\n\n\n<p><img loading=\"lazy\" decoding=\"async\" src=\"http:\/\/www.jsassessoria.net.br\/site\/img\/right.gif\" width=\"12\" height=\"12\" alt=\"icon\">Bombeiro Civil;<\/p>\n","protected":false},"excerpt":{"rendered":"<p>A JS Assessoria em Seguran\u00e7a e Medicina do Trabalho, especializada em medicina ocupacional, engenharia e seguran\u00e7a do trabalho, atua nestes segmentos com uma equipe altamente qualificada e motivada, ocupando assim lugar de destaque no mercado. Buscamos satisfazer e atender nossos clientes, de acordo com o perfil e necessidade de cada um, fornecendo as documenta\u00e7\u00f5es exigidas&hellip;&nbsp;<a href=\"http:\/\/jsassessoria.net.br\/js\/?page_id=246\" class=\"\" rel=\"bookmark\">Read More &raquo;<span class=\"screen-reader-text\">Empresa<\/span><\/a><\/p>\n","protected":false},"author":1,"featured_media":0,"parent":0,"menu_order":0,"comment_status":"closed","ping_status":"closed","template":"page-templates\/template-pagebuilder-full-width.php","meta":{"neve_meta_sidebar":"","neve_meta_container":"","neve_meta_enable_content_width":"","neve_meta_content_width":0,"neve_meta_title_alignment":"","neve_meta_author_avatar":"","neve_post_elements_order":"","neve_meta_disable_header":"","neve_meta_disable_footer":"","neve_meta_disable_title":"","_themeisle_gutenberg_block_has_review":false,"_ti_tpc_template_sync":false,"_ti_tpc_template_id":"","footnotes":""},"class_list":["post-246","page","type-page","status-publish","hentry"],"_links":{"self":[{"href":"http:\/\/jsassessoria.net.br\/js\/index.php?rest_route=\/wp\/v2\/pages\/246","targetHints":{"allow":["GET"]}}],"collection":[{"href":"http:\/\/jsassessoria.net.br\/js\/index.php?rest_route=\/wp\/v2\/pages"}],"about":[{"href":"http:\/\/jsassessoria.net.br\/js\/index.php?rest_route=\/wp\/v2\/types\/page"}],"author":[{"embeddable":true,"href":"http:\/\/jsassessoria.net.br\/js\/index.php?rest_route=\/wp\/v2\/users\/1"}],"replies":[{"embeddable":true,"href":"http:\/\/jsassessoria.net.br\/js\/index.php?rest_route=%2Fwp%2Fv2%2Fcomments&post=246"}],"version-history":[{"count":2,"href":"http:\/\/jsassessoria.net.br\/js\/index.php?rest_route=\/wp\/v2\/pages\/246\/revisions"}],"predecessor-version":[{"id":252,"href":"http:\/\/jsassessoria.net.br\/js\/index.php?rest_route=\/wp\/v2\/pages\/246\/revisions\/252"}],"wp:attachment":[{"href":"http:\/\/jsassessoria.net.br\/js\/index.php?rest_route=%2Fwp%2Fv2%2Fmedia&parent=246"}],"curies":[{"name":"wp","href":"https:\/\/api.w.org\/{rel}","templated":true}]}}