{"id":253,"date":"2022-12-30T14:41:32","date_gmt":"2022-12-30T17:41:32","guid":{"rendered":"http:\/\/jsassessoria.net.br\/js\/?page_id=253"},"modified":"2022-12-30T14:42:25","modified_gmt":"2022-12-30T17:42:25","slug":"valores-js","status":"publish","type":"page","link":"http:\/\/jsassessoria.net.br\/js\/?page_id=253","title":{"rendered":"Valores JS"},"content":{"rendered":"\n<div class=\"wp-block-columns alignwide is-layout-flex wp-container-core-columns-is-layout-9d6595d7 wp-block-columns-is-layout-flex\">\n<div class=\"wp-block-column is-layout-flow wp-block-column-is-layout-flow\" style=\"flex-basis:50%\">\n<figure class=\"wp-block-image is-resized\"><img loading=\"lazy\" decoding=\"async\" src=\"http:\/\/jsassessoria.net.br\/js\/wp-content\/uploads\/2022\/12\/miss-01.jpg\" alt=\"\" class=\"wp-image-255\" width=\"464\" height=\"184\" srcset=\"http:\/\/jsassessoria.net.br\/js\/wp-content\/uploads\/2022\/12\/miss-01.jpg 323w, http:\/\/jsassessoria.net.br\/js\/wp-content\/uploads\/2022\/12\/miss-01-300x119.jpg 300w\" sizes=\"auto, (max-width: 464px) 100vw, 464px\" \/><\/figure>\n<\/div>\n\n\n\n<div class=\"wp-block-column is-vertically-aligned-center is-layout-flow wp-block-column-is-layout-flow\" style=\"flex-basis:50%\">\n<p><strong>Nossa<\/strong> <strong>Miss\u00e3o<\/strong><br>Atrav\u00e9s de um trabalho competente, nossa miss\u00e3o \u00e9 fazer uma integra\u00e7\u00e3o \u201cColaboradores X Legisla\u00e7\u00e3o\u201d, com profissionais focados na sa\u00fade, seguran\u00e7a do trabalho e meio ambiente, na busca constante pela excel\u00eancia e aperfei\u00e7oamento da presta\u00e7\u00e3o dos servi\u00e7os.<\/p>\n<\/div>\n<\/div>\n\n\n\n<div class=\"wp-block-media-text alignwide has-media-on-the-right is-stacked-on-mobile\"><div class=\"wp-block-media-text__content\">\n<p><strong>Nossa Vis\u00e3o<\/strong><br>Nos tornar refer\u00eancia em Seguran\u00e7a e Medicina do Trabalho, regulamentando procedimentos de acordo com todas as Normas vigentes, propiciando aos nossos clientes condi\u00e7\u00f5es de obter um ambiente de trabalho saud\u00e1vel e seguro, conquistando a credibilidade e a confian\u00e7a de nossos clientes.<\/p>\n<\/div><figure class=\"wp-block-media-text__media\"><img loading=\"lazy\" decoding=\"async\" width=\"323\" height=\"129\" src=\"http:\/\/jsassessoria.net.br\/js\/wp-content\/uploads\/2022\/12\/miss-03.jpg\" alt=\"\" class=\"wp-image-257 size-full\" srcset=\"http:\/\/jsassessoria.net.br\/js\/wp-content\/uploads\/2022\/12\/miss-03.jpg 323w, http:\/\/jsassessoria.net.br\/js\/wp-content\/uploads\/2022\/12\/miss-03-300x120.jpg 300w\" sizes=\"auto, (max-width: 323px) 100vw, 323px\" \/><\/figure><\/div>\n\n\n\n<div class=\"wp-block-media-text alignwide is-stacked-on-mobile\"><figure class=\"wp-block-media-text__media\"><img loading=\"lazy\" decoding=\"async\" width=\"323\" height=\"128\" src=\"http:\/\/jsassessoria.net.br\/js\/wp-content\/uploads\/2022\/12\/miss-02.jpg\" alt=\"\" class=\"wp-image-256 size-full\" srcset=\"http:\/\/jsassessoria.net.br\/js\/wp-content\/uploads\/2022\/12\/miss-02.jpg 323w, http:\/\/jsassessoria.net.br\/js\/wp-content\/uploads\/2022\/12\/miss-02-300x119.jpg 300w\" sizes=\"auto, (max-width: 323px) 100vw, 323px\" \/><\/figure><div class=\"wp-block-media-text__content\">\n<p><br><strong>Nossos Valores<\/strong><br>&#8211; Aten\u00e7\u00e3o e respeito ao cliente;<br>&#8211; \u00c9tica;<br>&#8211; Inova\u00e7\u00e3o;<br>&#8211; Total disponibilidade;<br>&#8211; Comprometimento;<br>&#8211; Agilidade no atendimento;<br>&#8211; Organiza\u00e7\u00e3o;<br>&#8211; Capacita\u00e7\u00e3o profissional;<br>&#8211; Credibilidade;<br>&#8211; Qualidade;<br>&#8211; Sustentabilidade.<\/p>\n<\/div><\/div>\n","protected":false},"excerpt":{"rendered":"<p>Nossa Miss\u00e3oAtrav\u00e9s de um trabalho competente, nossa miss\u00e3o \u00e9 fazer uma integra\u00e7\u00e3o \u201cColaboradores X Legisla\u00e7\u00e3o\u201d, com profissionais focados na sa\u00fade, seguran\u00e7a do trabalho e meio ambiente, na busca constante pela excel\u00eancia e aperfei\u00e7oamento da presta\u00e7\u00e3o dos servi\u00e7os. Nossa Vis\u00e3oNos tornar refer\u00eancia em Seguran\u00e7a e Medicina do Trabalho, regulamentando procedimentos de acordo com todas as Normas&hellip;&nbsp;<a href=\"http:\/\/jsassessoria.net.br\/js\/?page_id=253\" class=\"\" rel=\"bookmark\">Read More &raquo;<span class=\"screen-reader-text\">Valores JS<\/span><\/a><\/p>\n","protected":false},"author":1,"featured_media":0,"parent":0,"menu_order":0,"comment_status":"closed","ping_status":"closed","template":"","meta":{"neve_meta_sidebar":"","neve_meta_container":"","neve_meta_enable_content_width":"","neve_meta_content_width":0,"neve_meta_title_alignment":"","neve_meta_author_avatar":"","neve_post_elements_order":"","neve_meta_disable_header":"","neve_meta_disable_footer":"","neve_meta_disable_title":"","_themeisle_gutenberg_block_has_review":false,"_ti_tpc_template_sync":false,"_ti_tpc_template_id":"","footnotes":""},"class_list":["post-253","page","type-page","status-publish","hentry"],"_links":{"self":[{"href":"http:\/\/jsassessoria.net.br\/js\/index.php?rest_route=\/wp\/v2\/pages\/253","targetHints":{"allow":["GET"]}}],"collection":[{"href":"http:\/\/jsassessoria.net.br\/js\/index.php?rest_route=\/wp\/v2\/pages"}],"about":[{"href":"http:\/\/jsassessoria.net.br\/js\/index.php?rest_route=\/wp\/v2\/types\/page"}],"author":[{"embeddable":true,"href":"http:\/\/jsassessoria.net.br\/js\/index.php?rest_route=\/wp\/v2\/users\/1"}],"replies":[{"embeddable":true,"href":"http:\/\/jsassessoria.net.br\/js\/index.php?rest_route=%2Fwp%2Fv2%2Fcomments&post=253"}],"version-history":[{"count":1,"href":"http:\/\/jsassessoria.net.br\/js\/index.php?rest_route=\/wp\/v2\/pages\/253\/revisions"}],"predecessor-version":[{"id":260,"href":"http:\/\/jsassessoria.net.br\/js\/index.php?rest_route=\/wp\/v2\/pages\/253\/revisions\/260"}],"wp:attachment":[{"href":"http:\/\/jsassessoria.net.br\/js\/index.php?rest_route=%2Fwp%2Fv2%2Fmedia&parent=253"}],"curies":[{"name":"wp","href":"https:\/\/api.w.org\/{rel}","templated":true}]}}