{"id":262,"date":"2022-12-30T14:47:55","date_gmt":"2022-12-30T17:47:55","guid":{"rendered":"http:\/\/jsassessoria.net.br\/js\/?page_id=262"},"modified":"2022-12-30T17:12:51","modified_gmt":"2022-12-30T20:12:51","slug":"servicos","status":"publish","type":"page","link":"http:\/\/jsassessoria.net.br\/js\/?page_id=262","title":{"rendered":"Servi\u00e7os"},"content":{"rendered":"\n<div class=\"wp-block-group is-vertical is-layout-flex wp-container-core-group-is-layout-8cf370e7 wp-block-group-is-layout-flex\">\n<p><strong>eSocial &#8211; Nova era nas rela\u00e7\u00f5es entre empregados, empregadores e governo<\/strong><\/p>\n\n\n\n<p><img loading=\"lazy\" decoding=\"async\" width=\"12\" height=\"12\" src=\"http:\/\/www.jsassessoria.net.br\/site\/img\/right.gif\" alt=\"Seta\">Eventos S-2210: Comunica\u00e7\u00e3o de Acidente de Trabalho<br><img loading=\"lazy\" decoding=\"async\" width=\"12\" height=\"12\" src=\"http:\/\/www.jsassessoria.net.br\/site\/img\/right.gif\" alt=\"Seta\">Eventos S-2220: Monitoramento de Sa\u00fade do Trabalhador<br><img loading=\"lazy\" decoding=\"async\" width=\"12\" height=\"12\" src=\"http:\/\/www.jsassessoria.net.br\/site\/img\/right.gif\" alt=\"Seta\">Eventos S-2240: Condi\u00e7\u00f5es Ambientais do Trabalho &#8211; Agentes Nocivos<br><img loading=\"lazy\" decoding=\"async\" width=\"12\" height=\"12\" src=\"http:\/\/www.jsassessoria.net.br\/site\/img\/right.gif\" alt=\"Seta\">PGR: Programa de Gerenciamento de Riscos<br><img loading=\"lazy\" decoding=\"async\" width=\"12\" height=\"12\" src=\"http:\/\/www.jsassessoria.net.br\/site\/img\/right.gif\" alt=\"Seta\">PCMSO: Programa de Controle M\u00e9dico e Sa\u00fade Ocupacional<br><img loading=\"lazy\" decoding=\"async\" width=\"12\" height=\"12\" src=\"http:\/\/www.jsassessoria.net.br\/site\/img\/right.gif\" alt=\"Seta\">LTCAT \/ L.I.: Laudo T\u00e9cnico de Condi\u00e7\u00f5es de Trabalho \/ Insalubridade<br><\/p>\n\n\n\n<p><strong>Sistema de Gerenciamento em SST<\/strong><\/p>\n\n\n\n<p><strong>Brigada de Inc\u00eandio<\/strong><\/p>\n\n\n\n<p><strong>Implanta\u00e7\u00e3o e Treinamento de CIPA (Comiss\u00e3o Interna de Preven\u00e7\u00e3o de Acidentes no Trabalho) \/ SIPAT (Semana Interna de Preven\u00e7\u00e3o de Acidentes do Trabalho)<\/strong><\/p>\n\n\n\n<p><strong>Elabora\u00e7\u00e3o de:<\/strong><\/p>\n\n\n\n<p><img loading=\"lazy\" decoding=\"async\" src=\"http:\/\/www.jsassessoria.net.br\/site\/img\/right.gif\" width=\"12\" height=\"12\" alt=\"Seta\">PGR: Programa de Gerenciamento de Riscos<\/p>\n\n\n\n<p><img loading=\"lazy\" decoding=\"async\" src=\"http:\/\/www.jsassessoria.net.br\/site\/img\/right.gif\" width=\"12\" height=\"12\" alt=\"Seta\">GRO: Gerenciamento de Risco Ocupacional<\/p>\n\n\n\n<p><img loading=\"lazy\" decoding=\"async\" src=\"http:\/\/www.jsassessoria.net.br\/site\/img\/right.gif\" width=\"12\" height=\"12\" alt=\"Seta\">PCMSO (Programa de Controle M\u00e9dico de Sa\u00fade Ocupacional);<\/p>\n\n\n\n<p><img loading=\"lazy\" decoding=\"async\" width=\"12\" height=\"12\" src=\"http:\/\/www.jsassessoria.net.br\/site\/img\/right.gif\" alt=\"Seta\">PPP (Perfil Profissiogr\u00e1fico Previdenci\u00e1rio);<br><img loading=\"lazy\" decoding=\"async\" width=\"12\" height=\"12\" src=\"http:\/\/www.jsassessoria.net.br\/site\/img\/right.gif\" alt=\"Seta\">CAT (Comunica\u00e7\u00e3o de Acidentes do Trabalho);<\/p>\n\n\n\n<p><img loading=\"lazy\" decoding=\"async\" width=\"12\" height=\"12\" src=\"http:\/\/www.jsassessoria.net.br\/site\/img\/right.gif\" alt=\"Seta\">PCA (Programa de Conserva\u00e7\u00e3o Auditiva);<br><img loading=\"lazy\" decoding=\"async\" width=\"12\" height=\"12\" src=\"http:\/\/www.jsassessoria.net.br\/site\/img\/right.gif\" alt=\"Seta\">PPR (Programa de Prote\u00e7\u00e3o Respirat\u00f3ria);<br><img loading=\"lazy\" decoding=\"async\" width=\"12\" height=\"12\" src=\"http:\/\/www.jsassessoria.net.br\/site\/img\/right.gif\" alt=\"Seta\">PGRS (Plano de Gerenciamento de Res\u00edduos S\u00f3lidos);<\/p>\n\n\n\n<p><img loading=\"lazy\" decoding=\"async\" width=\"12\" height=\"12\" src=\"http:\/\/www.jsassessoria.net.br\/site\/img\/right.gif\" alt=\"Seta\">PGRSS (Plano de Gerenciamento de Res\u00edduos nos Servi\u00e7os de Sa\u00fade);<br><img loading=\"lazy\" decoding=\"async\" width=\"12\" height=\"12\" src=\"http:\/\/www.jsassessoria.net.br\/site\/img\/right.gif\" alt=\"Seta\">MBPF (Manual de Boas Pr\u00e1ticas de Fabrica\u00e7\u00e3o);<br><img loading=\"lazy\" decoding=\"async\" width=\"12\" height=\"12\" src=\"http:\/\/www.jsassessoria.net.br\/site\/img\/right.gif\" alt=\"Seta\">Mapa de Risco.<\/p>\n\n\n\n<p><\/p>\n\n\n\n<p><strong>Laudos:<\/strong><\/p>\n\n\n\n<p><img loading=\"lazy\" decoding=\"async\" src=\"http:\/\/www.jsassessoria.net.br\/site\/img\/right.gif\" width=\"12\" height=\"12\" alt=\"Seta\">Laudo T\u00e9cnico das Condi\u00e7\u00f5es Ambientais de Trabalho;<\/p>\n\n\n\n<p><img loading=\"lazy\" decoding=\"async\" src=\"http:\/\/www.jsassessoria.net.br\/site\/img\/right.gif\" width=\"12\" height=\"12\" alt=\"Seta\">Laudo T\u00e9cnico de Avalia\u00e7\u00e3o de Insalubridade;<\/p>\n\n\n\n<p><img loading=\"lazy\" decoding=\"async\" src=\"http:\/\/www.jsassessoria.net.br\/site\/img\/right.gif\" width=\"12\" height=\"12\" alt=\"Seta\">Laudo T\u00e9cnico de Avalia\u00e7\u00e3o de Periculosidade;<\/p>\n\n\n\n<p><img loading=\"lazy\" decoding=\"async\" src=\"http:\/\/www.jsassessoria.net.br\/site\/img\/right.gif\" width=\"12\" height=\"12\" alt=\"Seta\">Laudo Ergon\u00f4mico.<\/p>\n\n\n\n<p><strong>Exames M\u00e9dicos \/ ASO (Atestado de Sa\u00fade Ocupacional):<\/strong><\/p>\n\n\n\n<p><img loading=\"lazy\" decoding=\"async\" src=\"http:\/\/www.jsassessoria.net.br\/site\/img\/right.gif\" width=\"12\" height=\"12\" alt=\"Seta\">Exame admissional;<\/p>\n\n\n\n<p><img loading=\"lazy\" decoding=\"async\" src=\"http:\/\/www.jsassessoria.net.br\/site\/img\/right.gif\" width=\"12\" height=\"12\" alt=\"Seta\">Exame Peri\u00f3dico;<\/p>\n\n\n\n<p><img loading=\"lazy\" decoding=\"async\" width=\"12\" height=\"12\" src=\"http:\/\/www.jsassessoria.net.br\/site\/img\/right.gif\" alt=\"Seta\">Exame de Mudan\u00e7a de Risco Ocupacional;<\/p>\n\n\n\n<p><img loading=\"lazy\" decoding=\"async\" src=\"http:\/\/www.jsassessoria.net.br\/site\/img\/right.gif\" width=\"12\" height=\"12\" alt=\"Seta\">Exame de Retorno ao Trabalho;<\/p>\n\n\n\n<p><img loading=\"lazy\" decoding=\"async\" src=\"http:\/\/www.jsassessoria.net.br\/site\/img\/right.gif\" width=\"12\" height=\"12\" alt=\"Seta\">Exame Demissional.<br><\/p>\n\n\n\n<p><strong>Treinamentos:<\/strong><\/p>\n\n\n\n<p><img loading=\"lazy\" decoding=\"async\" src=\"http:\/\/www.jsassessoria.net.br\/site\/img\/right.gif\" width=\"12\" height=\"12\" alt=\"Seta\">Treinamento para uso de NR 06 &#8211; EPI \/ EPC;<\/p>\n\n\n\n<p><img loading=\"lazy\" decoding=\"async\" src=\"http:\/\/www.jsassessoria.net.br\/site\/img\/right.gif\" width=\"12\" height=\"12\" alt=\"Seta\">Treinamento de capacita\u00e7\u00e3o para Trabalho em NR 35 &#8211; Altura;<\/p>\n\n\n\n<p><img loading=\"lazy\" decoding=\"async\" src=\"http:\/\/www.jsassessoria.net.br\/site\/img\/right.gif\" width=\"12\" height=\"12\" alt=\"Seta\">Treinamento de capacita\u00e7\u00e3o para Trabalho em NR 33 &#8211; Espa\u00e7o Confinado.<\/p>\n<\/div>\n","protected":false},"excerpt":{"rendered":"<p>eSocial &#8211; Nova era nas rela\u00e7\u00f5es entre empregados, empregadores e governo Eventos S-2210: Comunica\u00e7\u00e3o de Acidente de TrabalhoEventos S-2220: Monitoramento de Sa\u00fade do TrabalhadorEventos S-2240: Condi\u00e7\u00f5es Ambientais do Trabalho &#8211; Agentes NocivosPGR: Programa de Gerenciamento de RiscosPCMSO: Programa de Controle M\u00e9dico e Sa\u00fade OcupacionalLTCAT \/ L.I.: Laudo T\u00e9cnico de Condi\u00e7\u00f5es de Trabalho \/ Insalubridade Sistema&hellip;&nbsp;<a href=\"http:\/\/jsassessoria.net.br\/js\/?page_id=262\" class=\"\" rel=\"bookmark\">Read More &raquo;<span class=\"screen-reader-text\">Servi\u00e7os<\/span><\/a><\/p>\n","protected":false},"author":1,"featured_media":0,"parent":0,"menu_order":0,"comment_status":"closed","ping_status":"closed","template":"","meta":{"neve_meta_sidebar":"","neve_meta_container":"","neve_meta_enable_content_width":"","neve_meta_content_width":0,"neve_meta_title_alignment":"","neve_meta_author_avatar":"","neve_post_elements_order":"","neve_meta_disable_header":"","neve_meta_disable_footer":"","neve_meta_disable_title":"","_themeisle_gutenberg_block_has_review":false,"_ti_tpc_template_sync":false,"_ti_tpc_template_id":"","footnotes":""},"class_list":["post-262","page","type-page","status-publish","hentry"],"_links":{"self":[{"href":"http:\/\/jsassessoria.net.br\/js\/index.php?rest_route=\/wp\/v2\/pages\/262","targetHints":{"allow":["GET"]}}],"collection":[{"href":"http:\/\/jsassessoria.net.br\/js\/index.php?rest_route=\/wp\/v2\/pages"}],"about":[{"href":"http:\/\/jsassessoria.net.br\/js\/index.php?rest_route=\/wp\/v2\/types\/page"}],"author":[{"embeddable":true,"href":"http:\/\/jsassessoria.net.br\/js\/index.php?rest_route=\/wp\/v2\/users\/1"}],"replies":[{"embeddable":true,"href":"http:\/\/jsassessoria.net.br\/js\/index.php?rest_route=%2Fwp%2Fv2%2Fcomments&post=262"}],"version-history":[{"count":2,"href":"http:\/\/jsassessoria.net.br\/js\/index.php?rest_route=\/wp\/v2\/pages\/262\/revisions"}],"predecessor-version":[{"id":304,"href":"http:\/\/jsassessoria.net.br\/js\/index.php?rest_route=\/wp\/v2\/pages\/262\/revisions\/304"}],"wp:attachment":[{"href":"http:\/\/jsassessoria.net.br\/js\/index.php?rest_route=%2Fwp%2Fv2%2Fmedia&parent=262"}],"curies":[{"name":"wp","href":"https:\/\/api.w.org\/{rel}","templated":true}]}}