{"id":270,"date":"2022-12-30T14:57:17","date_gmt":"2022-12-30T17:57:17","guid":{"rendered":"http:\/\/jsassessoria.net.br\/js\/?page_id=270"},"modified":"2022-12-30T14:57:18","modified_gmt":"2022-12-30T17:57:18","slug":"links-uteis","status":"publish","type":"page","link":"http:\/\/jsassessoria.net.br\/js\/?page_id=270","title":{"rendered":"Links \u00fateis"},"content":{"rendered":"\n<p><img loading=\"lazy\" decoding=\"async\" width=\"12\" height=\"12\" src=\"http:\/\/www.jsassessoria.net.br\/site\/img\/right.gif\" alt=\"icon\">Minist\u00e9rio do Trabalho e Emprego;<br><br><a href=\"http:\/\/portal.mte.gov.br\/portal-mte\/\"><\/a><img loading=\"lazy\" decoding=\"async\" width=\"12\" height=\"12\" src=\"http:\/\/www.jsassessoria.net.br\/site\/img\/right.gif\" alt=\"icon\">Minist\u00e9rio da Previd\u00eancia Social;<a href=\"http:\/\/portal.mte.gov.br\/portal-mte\/\"><br><\/a><br><img loading=\"lazy\" decoding=\"async\" width=\"12\" height=\"12\" src=\"http:\/\/www.jsassessoria.net.br\/site\/img\/right.gif\" alt=\"icon\">ABNT- Associa\u00e7\u00e3o Brasileira de Normas T\u00e9cnicas;<br><br><img loading=\"lazy\" decoding=\"async\" width=\"12\" height=\"12\" src=\"http:\/\/www.jsassessoria.net.br\/site\/img\/right.gif\" alt=\"icon\">Fundacentro;<br><br><img loading=\"lazy\" decoding=\"async\" width=\"12\" height=\"12\" src=\"http:\/\/www.jsassessoria.net.br\/site\/img\/right.gif\" alt=\"icon\">INMETRO \u2013 Instituto Nacional de Metrologia, Normaliza\u00e7\u00e3o e Qualidade Industrial;<\/p>\n\n\n\n<p><img loading=\"lazy\" decoding=\"async\" width=\"12\" height=\"12\" src=\"http:\/\/www.jsassessoria.net.br\/site\/img\/right.gif\" alt=\"icon\">Sebrae.<\/p>\n","protected":false},"excerpt":{"rendered":"<p>Minist\u00e9rio do Trabalho e Emprego; Minist\u00e9rio da Previd\u00eancia Social;ABNT- Associa\u00e7\u00e3o Brasileira de Normas T\u00e9cnicas; Fundacentro; INMETRO \u2013 Instituto Nacional de Metrologia, Normaliza\u00e7\u00e3o e Qualidade Industrial; Sebrae.<\/p>\n","protected":false},"author":1,"featured_media":0,"parent":0,"menu_order":0,"comment_status":"closed","ping_status":"closed","template":"","meta":{"neve_meta_sidebar":"","neve_meta_container":"","neve_meta_enable_content_width":"","neve_meta_content_width":0,"neve_meta_title_alignment":"","neve_meta_author_avatar":"","neve_post_elements_order":"","neve_meta_disable_header":"","neve_meta_disable_footer":"","neve_meta_disable_title":"","_themeisle_gutenberg_block_has_review":false,"_ti_tpc_template_sync":false,"_ti_tpc_template_id":"","footnotes":""},"class_list":["post-270","page","type-page","status-publish","hentry"],"_links":{"self":[{"href":"http:\/\/jsassessoria.net.br\/js\/index.php?rest_route=\/wp\/v2\/pages\/270","targetHints":{"allow":["GET"]}}],"collection":[{"href":"http:\/\/jsassessoria.net.br\/js\/index.php?rest_route=\/wp\/v2\/pages"}],"about":[{"href":"http:\/\/jsassessoria.net.br\/js\/index.php?rest_route=\/wp\/v2\/types\/page"}],"author":[{"embeddable":true,"href":"http:\/\/jsassessoria.net.br\/js\/index.php?rest_route=\/wp\/v2\/users\/1"}],"replies":[{"embeddable":true,"href":"http:\/\/jsassessoria.net.br\/js\/index.php?rest_route=%2Fwp%2Fv2%2Fcomments&post=270"}],"version-history":[{"count":1,"href":"http:\/\/jsassessoria.net.br\/js\/index.php?rest_route=\/wp\/v2\/pages\/270\/revisions"}],"predecessor-version":[{"id":272,"href":"http:\/\/jsassessoria.net.br\/js\/index.php?rest_route=\/wp\/v2\/pages\/270\/revisions\/272"}],"wp:attachment":[{"href":"http:\/\/jsassessoria.net.br\/js\/index.php?rest_route=%2Fwp%2Fv2%2Fmedia&parent=270"}],"curies":[{"name":"wp","href":"https:\/\/api.w.org\/{rel}","templated":true}]}}